{"id":3,"date":"2019-03-12T12:06:54","date_gmt":"2019-03-12T12:06:54","guid":{"rendered":"http:\/\/mundoquinagem.pt\/?page_id=3"},"modified":"2025-02-23T18:57:10","modified_gmt":"2025-02-23T18:57:10","slug":"politica-de-privacidade","status":"publish","type":"page","link":"https:\/\/mundoquinagem.pt\/?page_id=3","title":{"rendered":"Politica de Privacidade"},"content":{"rendered":"<p><strong>Pol\u00edtica de Privacidade<\/strong><br \/>\n<strong>Termos e condi\u00e7\u00f5es<\/strong><br \/>\n1. A MundoQuinagem, lda. \u2013 adiante designado apenas por &#8220;MundoQuinagem&#8221;, \u00e9 o propriet\u00e1rio deste website e, salvo indica\u00e7\u00e3o expressa em contr\u00e1rio, de todos os seus conte\u00fados, os quais se encontram protegidos pelas normas nacionais e internacionais de propriedade industrial e intelectual.<br \/>\n2. Ao aceder e utilizar este website, o utilizador aceita os presentes termos e condi\u00e7\u00f5es que regem o seu funcionamento e que se encontram definidos a seguir. O facto de qualquer dos termos e condi\u00e7\u00f5es previstos poder ser considerado ilegal, inv\u00e1lido ou sem efeito, n\u00e3o prejudica a validade ou altera\u00e7\u00e3o dos demais.<br \/>\n3. Os conte\u00fados deste website s\u00f3 podem ser utilizados para informa\u00e7\u00e3o pessoal, pelo que podem ser visualizados, copiados, impressos e\/ou distribu\u00eddos quaisquer documentos publicados pela MundoQuinagem, desde que seja feita expressa refer\u00eancia \u00e0 MundoQuinagem e que sejam mantidas todas as mensagens de copyright e outras men\u00e7\u00f5es a direitos de autor. A utiliza\u00e7\u00e3o dos conte\u00fados para fins<br \/>\ncomerciais est\u00e1 exclu\u00edda, pelo que nenhum conte\u00fado deste website pode ser modificado, transmitido, reproduzido, publicado, licenciado, transferido ou vendido sem o pr\u00e9vio consentimento escrito da MundoQuinagem.<br \/>\n4. A informa\u00e7\u00e3o disponibilizada pela MundoQuinagem neste website n\u00e3o dispensa a consulta dos meios oficiais de divulga\u00e7\u00e3o, pelo que a MundoQuinagem n\u00e3o garante a exatid\u00e3o, precis\u00e3o, atualidade e integridade da informa\u00e7\u00e3o disponibilizada no website, n\u00e3o sendo em circunst\u00e2ncia alguma respons\u00e1vel por quaisquer perdas ou danos, diretos ou indiretos, derivados da utiliza\u00e7\u00e3o ou impossibilidade de<br \/>\nutiliza\u00e7\u00e3o deste site ou dos seus conte\u00fados.<br \/>\n5. Este website cont\u00e9m liga\u00e7\u00f5es para websites de terceiros, as quais visam apenas a conveni\u00eancia dos utilizadores, pelo que a MundoQuinagem n\u00e3o assume quaisquer responsabilidades pela exatid\u00e3o e atualiza\u00e7\u00e3o dos conte\u00fados e da informa\u00e7\u00e3o ou pelas pol\u00edticas de privacidade e condi\u00e7\u00f5es de utiliza\u00e7\u00e3o desses sites.<br \/>\n6. Todos os dados pessoais recolhidos s\u00e3o submetidos de forma volunt\u00e1ria e objetiva pelos utilizadores, os quais d\u00e3o o seu consentimento expresso, livre e esclarecido para o respetivo tratamento pela MundoQuinagem e para as finalidades descritas, conforme informa\u00e7\u00e3o constante dos formul\u00e1rios, destinando-se exclusivamente a serem usados pela MundoQuinagem, pelo que se encontra garantida a respetiva privacidade e prote\u00e7\u00e3o.<br \/>\n7. A reten\u00e7\u00e3o de dados pessoais apenas se verifica durante o tempo necess\u00e1rio para cumprir as finalidades a que se destinam. O per\u00edodo de tempo durante o qual os dados s\u00e3o armazenados e conservados varia de acordo com a finalidade para a qual a informa\u00e7\u00e3o \u00e9 tratada.<br \/>\n8. Existem disposi\u00e7\u00f5es legais que obrigam a conservar os dados por um per\u00edodo de tempo m\u00ednimo.<br \/>\n9. Sempre que n\u00e3o exista uma exig\u00eancia legal espec\u00edfica, os dados ser\u00e3o armazenados e conservados apenas pelo per\u00edodo m\u00ednimo necess\u00e1rio para as finalidades que motivaram a sua recolha ou o seu posterior tratamento ou, pelo per\u00edodo de tempo autorizado pela Autoridade de Controlo, findo o qual os mesmos ser\u00e3o eliminados.<br \/>\n9. A MundoQuinagem adotar\u00e1 as medidas de seguran\u00e7a que entender necess\u00e1rias para garantir a privacidade e prote\u00e7\u00e3o dos dados pessoais dos utilizadores, com o objetivo de os proteger de qualquer eventual utiliza\u00e7\u00e3o abusiva ou do acesso n\u00e3o autorizado.<br \/>\n10. Os dados pessoais recolhidos neste website \u2013 para efeitos de obten\u00e7\u00e3o de informa\u00e7\u00f5es, apresenta\u00e7\u00e3o de sugest\u00f5es ou reclama\u00e7\u00f5es, perdidos e achados e pedidos ao provedor do cliente, atrav\u00e9s dos respetivos formul\u00e1rios \u2013 n\u00e3o ser\u00e3o em caso algum disponibilizados, vendidos, partilhados ou revelados a terceiros, nem usados para quaisquer outros fins que n\u00e3o aqueles que s\u00e3o descritos no momento da sua introdu\u00e7\u00e3o.<br \/>\n11. Nos termos da lei de prote\u00e7\u00e3o de dados pessoais vigente em Portugal, nacional e comunit\u00e1ria, todos os utilizadores registados t\u00eam o direito de aceder \u00e0 informa\u00e7\u00e3o dispon\u00edvel em www.mundoquinagem.pt sobre os seus dados pessoais, para efeitos da atualiza\u00e7\u00e3o, retifica\u00e7\u00e3o e\/ou elimina\u00e7\u00e3o dos seus dados pessoais. O exerc\u00edcio destes direitos deve ser realizado atrav\u00e9s do endere\u00e7o eletr\u00f3nico dispon\u00edvel na respetiva \u00e1rea do website.<br \/>\n12. A MundoQuinagem recolhe e armazena automaticamente, durante a utiliza\u00e7\u00e3o normal do website, a informa\u00e7\u00e3o t\u00edpica da atividade do servidor, a qual \u00e9 utilizada para gerar estat\u00edsticas e medir a atividade no website para o benef\u00edcio dos seus utilizadores.<br \/>\n13. Com o objetivo de prestar um servi\u00e7o mais personalizado, o website www.mundoquinagem.pt utiliza cookies para recolher e guardar informa\u00e7\u00e3o. Um cookie \u00e9 um pequeno ficheiro informativo, que \u00e9 colocado no computador e que permite lembrar as escolhas, datas e percursos anteriores dos utilizadores no site.<br \/>\n14. Todos os navegadores (\u201cbrowsers\u201d) permitem ao utilizador aceitar, recusar ou apagar cookies, nomeadamente atrav\u00e9s da sele\u00e7\u00e3o das defini\u00e7\u00f5es apropriadas no respetivo navegador.<br \/>\nPode configurar os cookies no menu \u201cop\u00e7\u00f5es\u201d ou \u201cprefer\u00eancias\u201d do seu browser. Contudo ao desativar os cookies pode impedir que alguns servi\u00e7os da web funcionem corretamente, afetando, parcial ou totalmente, a navega\u00e7\u00e3o no website.<br \/>\n15. No website www.mundoquinagem.pt s\u00e3o utlizados os seguintes tipos de cookies:<br \/>\n<strong>Essenciais<\/strong><br \/>\nAlguns cookies s\u00e3o essenciais para aceder a \u00e1reas espec\u00edficas do site. Permitem a navega\u00e7\u00e3o no site e a utiliza\u00e7\u00e3o das suas aplica\u00e7\u00f5es, como aceder a \u00e1reas seguras do site atrav\u00e9s de login.<br \/>\nSem estes cookies, os servi\u00e7os que os exijam n\u00e3o podem ser prestados.<br \/>\n<strong>Anal\u00edticos<\/strong><br \/>\nEstes cookies re\u00fanem informa\u00e7\u00f5es relativas \u00e0 sua utiliza\u00e7\u00e3o do site, por exemplo: a que p\u00e1ginas acede com maior frequ\u00eancia. Estes dados podem ser utilizados para ajudar a otimizar as nossas p\u00e1ginas da Internet e tornar a navega\u00e7\u00e3o mais f\u00e1cil. Estes cookies n\u00e3o re\u00fanem informa\u00e7\u00f5es que o identifiquem. Todas as informa\u00e7\u00f5es reunidas por estes cookies s\u00e3o agregadas e, como tal, an\u00f3nimas.<br \/>\n<strong>Funcionalidade<\/strong><br \/>\nEstes cookies permitem que p\u00e1ginas do site recordem as op\u00e7\u00f5es efetuadas pelo utilizador durante a navega\u00e7\u00e3o, ou seja, guardam as prefer\u00eancias do utilizador relativamente \u00e0 utiliza\u00e7\u00e3o do site, de forma que n\u00e3o seja necess\u00e1rio voltar a configurar o site cada vez que o visita.<br \/>\n<strong>Publicidade<\/strong><br \/>\nEstes cookies ajudam a medir a efic\u00e1cia da publicidade. No entanto, n\u00e3o identificam o utilizador.<br \/>\n16. A MundoQuinagem reserva-se o direito de alterar unilateralmente os termos e condi\u00e7\u00f5es da pol\u00edtica de privacidade sem aviso pr\u00e9vio e com efeitos imediatos, pelo que se recomenda a leitura regular da pol\u00edtica de privacidade. Estas altera\u00e7\u00f5es s\u00e3o devidamente publicitadas no website.<br \/>\n17. O presente website rege-se pela lei nacional e comunit\u00e1ria.<br \/>\n18. Em caso de incumprimento do tratamento de dados pessoais pela MundoQuinagem, informa-se que o titular dos dados poder\u00e1 apresentar queixa junto da autoridade nacional de controlo de prote\u00e7\u00e3o de dados, a Comiss\u00e3o Nacional de Prote\u00e7\u00e3o de Dados.<br \/>\n19. Em caso de d\u00favida ou de necessidade de informa\u00e7\u00e3o complementar, por favor contacte-nos atrav\u00e9s do endere\u00e7o de correio eletr\u00f3nico <a href=\"mailto:geral@mundoquinagem.pt\">geral@mundoquinagem.pt<\/a><br \/>\n20. Estes termos e condi\u00e7\u00f5es da pol\u00edtica de privacidade e utiliza\u00e7\u00e3o foram atualizados no dia 01 de janeiro de 2025.<\/p>\n","protected":false},"excerpt":{"rendered":"<p>Pol\u00edtica de Privacidade Termos e condi\u00e7\u00f5es 1. A MundoQuinagem, lda. \u2013 adiante designado apenas por &#8220;MundoQuinagem&#8221;, \u00e9 o propriet\u00e1rio deste website e, salvo indica\u00e7\u00e3o expressa em contr\u00e1rio, de todos os seus conte\u00fados, os quais se encontram protegidos pelas normas nacionais e internacionais de propriedade industrial e intelectual. 2. Ao aceder e utilizar este website, o [&hellip;]<\/p>\n","protected":false},"author":1,"featured_media":0,"parent":0,"menu_order":0,"comment_status":"closed","ping_status":"open","template":"","meta":{"footnotes":""},"class_list":["post-3","page","type-page","status-publish","hentry"],"_links":{"self":[{"href":"https:\/\/mundoquinagem.pt\/index.php?rest_route=\/wp\/v2\/pages\/3","targetHints":{"allow":["GET"]}}],"collection":[{"href":"https:\/\/mundoquinagem.pt\/index.php?rest_route=\/wp\/v2\/pages"}],"about":[{"href":"https:\/\/mundoquinagem.pt\/index.php?rest_route=\/wp\/v2\/types\/page"}],"author":[{"embeddable":true,"href":"https:\/\/mundoquinagem.pt\/index.php?rest_route=\/wp\/v2\/users\/1"}],"replies":[{"embeddable":true,"href":"https:\/\/mundoquinagem.pt\/index.php?rest_route=%2Fwp%2Fv2%2Fcomments&post=3"}],"version-history":[{"count":3,"href":"https:\/\/mundoquinagem.pt\/index.php?rest_route=\/wp\/v2\/pages\/3\/revisions"}],"predecessor-version":[{"id":2706,"href":"https:\/\/mundoquinagem.pt\/index.php?rest_route=\/wp\/v2\/pages\/3\/revisions\/2706"}],"wp:attachment":[{"href":"https:\/\/mundoquinagem.pt\/index.php?rest_route=%2Fwp%2Fv2%2Fmedia&parent=3"}],"curies":[{"name":"wp","href":"https:\/\/api.w.org\/{rel}","templated":true}]}}