{"id":26,"date":"2019-03-12T23:27:17","date_gmt":"2019-03-12T23:27:17","guid":{"rendered":"http:\/\/mundoquinagem.pt\/?page_id=26"},"modified":"2025-02-23T18:59:20","modified_gmt":"2025-02-23T18:59:20","slug":"contatos","status":"publish","type":"page","link":"https:\/\/mundoquinagem.pt\/?page_id=26","title":{"rendered":"Contactos"},"content":{"rendered":"\n<h4 class=\"wp-block-heading\">L<strong>ocaliza\u00e7\u00e3o<\/strong><\/h4>\n\n\n\n<b>Morada:<\/b><p>Rua Monte Rabadas, Lote 19,<\/p><p>Ferreiros, Prozelo e Besteiros<\/p> <p>4720-387&nbsp;Amares<\/p><p><b>Coordenadas GPS:<\/b><\/p>\n<p>41\u00b037&#8217;19.1&#8243;N 8\u00b020&#8217;59.1&#8243;W &#8211; 41.621978, -8.349737<\/p>\n<b>Telefones:<\/b> <p><\/p>&#9743; 253 995 055 <b>(Chamada para rede fixa nacional)<\/b> <p><\/p>&#9743; 910 997 288 <b>(Chamada para rede m\u00f3vel nacional)<\/b> <p><\/p>\n<b>Emails:<\/b><p><\/p>&#9993; geral@mundoquinagem.pt <p><\/p>&#9993; mundoquinagem@gmail.com<p><\/p>\n\n\n\n<p class=\"Localiza\u00e7\u00e3o\"><iframe loading=\"lazy\" width=\"400\" height=\"300\" src=\"https:\/\/www.google.com\/maps\/embed?pb=!1m18!1m12!1m3!1d2073.817798775107!2d-8.351794049959349!3d41.621819979141414!2m3!1f0!2f0!3f0!3m2!1i1024!2i768!4f13.1!3m3!1m2!1s0x0%3A0x0!2zNDHCsDM3JzE4LjYiTiA4wrAyMCc1OC42Ilc!5e1!3m2!1spt-PT!2spt!4v1552777028974\" frameborder=\"0\" allowfullscreen=\"\" style=\"border:0\"><\/iframe><\/p>\n\n\n\n<p><\/p>\n\n\n<div class=\"wpforms-container wpforms-container-full wpforms-block wpforms-block-db779044-1bfb-4c3e-937e-6009ab076c76\" id=\"wpforms-196\"><form id=\"wpforms-form-196\" class=\"wpforms-validate wpforms-form\" data-formid=\"196\" method=\"post\" enctype=\"multipart\/form-data\" action=\"\/index.php?rest_route=%2Fwp%2Fv2%2Fpages%2F26\" data-token=\"69c50499565bf070fe3c0ebdf325e1ae\" data-token-time=\"1775602637\"><div class=\"wpforms-head-container\"><div class=\"wpforms-title\">Formul\u00e1rio contato<\/div><\/div><noscript class=\"wpforms-error-noscript\">Please enable JavaScript in your browser to complete this form.<\/noscript><div class=\"wpforms-field-container\"><div id=\"wpforms-196-field_0-container\" class=\"wpforms-field wpforms-field-name\" data-field-id=\"0\"><label class=\"wpforms-field-label\" for=\"wpforms-196-field_0\">Nome <span class=\"wpforms-required-label\">*<\/span><\/label><input type=\"text\" id=\"wpforms-196-field_0\" class=\"wpforms-field-medium wpforms-field-required\" name=\"wpforms[fields][0]\" required><\/div><div id=\"wpforms-196-field_1-container\" class=\"wpforms-field wpforms-field-email\" data-field-id=\"1\"><label class=\"wpforms-field-label\" for=\"wpforms-196-field_1\">Email <span class=\"wpforms-required-label\">*<\/span><\/label><input type=\"email\" id=\"wpforms-196-field_1\" class=\"wpforms-field-medium wpforms-field-required\" name=\"wpforms[fields][1]\" spellcheck=\"false\" required><\/div><div id=\"wpforms-196-field_4-container\" class=\"wpforms-field wpforms-field-text\" data-field-id=\"4\"><label class=\"wpforms-field-label\" for=\"wpforms-196-field_4\">Contato Telefonico<\/label><input type=\"text\" id=\"wpforms-196-field_4\" class=\"wpforms-field-medium\" name=\"wpforms[fields][4]\" ><\/div><div id=\"wpforms-196-field_2-container\" class=\"wpforms-field wpforms-field-textarea\" data-field-id=\"2\"><label class=\"wpforms-field-label\" for=\"wpforms-196-field_2\">Mensagem <span class=\"wpforms-required-label\">*<\/span><\/label><textarea id=\"wpforms-196-field_2\" class=\"wpforms-field-medium wpforms-field-required\" name=\"wpforms[fields][2]\" required><\/textarea><\/div><div id=\"wpforms-196-field_6-container\" class=\"wpforms-field wpforms-field-gdpr-checkbox\" data-field-id=\"6\"><label class=\"wpforms-field-label\">GDPR Agreement <span class=\"wpforms-required-label\">*<\/span><\/label><ul id=\"wpforms-196-field_6\" class=\"wpforms-field-required\"><li class=\"choice-1\"><input type=\"checkbox\" id=\"wpforms-196-field_6_1\" name=\"wpforms[fields][6][]\" value=\"Este site utiliza cookies para permitir uma melhor experiencia por parte do utilizador. Ao navegar no site estar\u00e1 a consentir a sua utiliza\u00e7\u00e3o\" required ><label class=\"wpforms-field-label-inline\" for=\"wpforms-196-field_6_1\">Este site utiliza cookies para permitir uma melhor experiencia por parte do utilizador. Ao navegar no site estar\u00e1 a consentir a sua utiliza\u00e7\u00e3o<\/label><\/li><\/ul><\/div><\/div><!-- .wpforms-field-container --><div class=\"wpforms-field wpforms-field-hp\"><label for=\"wpforms-196-field-hp\" class=\"wpforms-field-label\">Name<\/label><input type=\"text\" name=\"wpforms[hp]\" id=\"wpforms-196-field-hp\" class=\"wpforms-field-medium\"><\/div><div class=\"wpforms-submit-container\" ><input type=\"hidden\" name=\"wpforms[id]\" value=\"196\"><input type=\"hidden\" name=\"page_title\" value=\"\"><input type=\"hidden\" name=\"page_url\" value=\"https:\/\/mundoquinagem.pt\/index.php?rest_route=\/wp\/v2\/pages\/26\"><input type=\"hidden\" name=\"url_referer\" value=\"\"><button type=\"submit\" name=\"wpforms[submit]\" id=\"wpforms-submit-196\" class=\"wpforms-submit\" data-alt-text=\"A enviar...\" data-submit-text=\"Enviar\" aria-live=\"assertive\" value=\"wpforms-submit\">Enviar<\/button><\/div><\/form><\/div>  <!-- .wpforms-container -->\n\n\n<div class=\"wp-block-button aligncenter\"><a class=\"wp-block-button__link has-pale-cyan-blue-background-color has-background wp-element-button\" href=\"https:\/\/mundoquinagem.pt\/?page_id=3\">Politica de Privacidade<\/a><\/div>\n","protected":false},"excerpt":{"rendered":"<p>Localiza\u00e7\u00e3o Morada: Rua Monte Rabadas, Lote 19, Ferreiros, Prozelo e Besteiros 4720-387&nbsp;Amares Coordenadas GPS: 41\u00b037&#8217;19.1&#8243;N 8\u00b020&#8217;59.1&#8243;W &#8211; 41.621978, -8.349737 Telefones: &#9743; 253 995 055 (Chamada para rede fixa nacional) &#9743; 910 997 288 (Chamada para rede m\u00f3vel nacional) Emails: &#9993; geral@mundoquinagem.pt &#9993; mundoquinagem@gmail.com<\/p>\n","protected":false},"author":1,"featured_media":0,"parent":0,"menu_order":0,"comment_status":"closed","ping_status":"closed","template":"","meta":{"footnotes":""},"class_list":["post-26","page","type-page","status-publish","hentry"],"_links":{"self":[{"href":"https:\/\/mundoquinagem.pt\/index.php?rest_route=\/wp\/v2\/pages\/26","targetHints":{"allow":["GET"]}}],"collection":[{"href":"https:\/\/mundoquinagem.pt\/index.php?rest_route=\/wp\/v2\/pages"}],"about":[{"href":"https:\/\/mundoquinagem.pt\/index.php?rest_route=\/wp\/v2\/types\/page"}],"author":[{"embeddable":true,"href":"https:\/\/mundoquinagem.pt\/index.php?rest_route=\/wp\/v2\/users\/1"}],"replies":[{"embeddable":true,"href":"https:\/\/mundoquinagem.pt\/index.php?rest_route=%2Fwp%2Fv2%2Fcomments&post=26"}],"version-history":[{"count":1,"href":"https:\/\/mundoquinagem.pt\/index.php?rest_route=\/wp\/v2\/pages\/26\/revisions"}],"predecessor-version":[{"id":2708,"href":"https:\/\/mundoquinagem.pt\/index.php?rest_route=\/wp\/v2\/pages\/26\/revisions\/2708"}],"wp:attachment":[{"href":"https:\/\/mundoquinagem.pt\/index.php?rest_route=%2Fwp%2Fv2%2Fmedia&parent=26"}],"curies":[{"name":"wp","href":"https:\/\/api.w.org\/{rel}","templated":true}]}}