{"id":25,"date":"2019-03-12T23:27:17","date_gmt":"2019-03-12T23:27:17","guid":{"rendered":"http:\/\/mundoquinagem.pt\/?page_id=25"},"modified":"2025-02-23T00:25:48","modified_gmt":"2025-02-23T00:25:48","slug":"noticias","status":"publish","type":"page","link":"https:\/\/mundoquinagem.pt\/?page_id=25","title":{"rendered":"Not\u00edcias"},"content":{"rendered":"<div class=\"wp-block-image\">\n<figure class=\"aligncenter\"><img loading=\"lazy\" decoding=\"async\" class=\"wp-image-10\" src=\"https:\/\/mundoquinagem.pt\/wp-content\/uploads\/2019\/03\/LOGO_MUNDO_QUIN-e1552437573532.png\" sizes=\"auto, (max-width: 806px) 100vw, 806px\" srcset=\"https:\/\/mundoquinagem.pt\/wp-content\/uploads\/2019\/03\/LOGO_MUNDO_QUIN-e1552437573532.png 806w, https:\/\/mundoquinagem.pt\/wp-content\/uploads\/2019\/03\/LOGO_MUNDO_QUIN-e1552437573532-300x115.png 300w, https:\/\/mundoquinagem.pt\/wp-content\/uploads\/2019\/03\/LOGO_MUNDO_QUIN-e1552437573532-768x293.png 768w\" alt=\"\" width=\"806\" height=\"308\" \/><\/figure>\n<\/div>\n<p class=\"has-text-align-center\">Mais um ano se encerra, mais um ciclo se fecha e \u00e9 tempo de fazer uma retrospectiva. \u00c9 tempo de olhar para tr\u00e1s e rever os planos que foram tra\u00e7ados, o caminho que foi percorrido, as metas e os objetivos que foram alcan\u00e7ados.<\/p>\n<p class=\"has-text-align-center\">\u00c9 tempo tamb\u00e9m de olhar para a frente, refazer planos, vislumbrar novos horizontes, e abrir o cora\u00e7\u00e3o para sonhar.<\/p>\n<p class=\"has-text-align-center\">N\u00f3s agradecemos pela oportunidade de fazer parte da sua hist\u00f3ria e por contribuir para o seu sucesso. Esperamos que esta parceria continue ainda por muitos e muitos anos.<\/p>\n<p class=\"has-text-align-center\">Feliz Natal e um Ano Novo \u201c2025\u201d muito pr\u00f3spero<\/p>\n<p class=\"has-text-align-center\"><strong>Boas Festas<\/strong>!<\/p>\n<div class=\"wp-block-cover aligncenter is-light\"><video class=\"wp-block-cover__video-background intrinsic-ignore\" src=\"https:\/\/mundoquinagem.pt\/wp-content\/uploads\/2023\/12\/Mundoquinagem-natal.mp4\" autoplay=\"autoplay\" loop=\"loop\" muted=\"\" width=\"300\" height=\"150\" data-object-fit=\"cover\"><\/video><\/div>\n<div class=\"wp-block-cover__inner-container is-layout-flow wp-block-cover-is-layout-flow\">\n<p class=\"has-text-align-center has-large-font-size\">\n<\/div>\n<p>Com os Melhores Cumprimentos,<\/p>\n<p>A ger\u00eancia,<\/p>\n","protected":false},"excerpt":{"rendered":"<p>Mais um ano se encerra, mais um ciclo se fecha e \u00e9 tempo de fazer uma retrospectiva. \u00c9 tempo de olhar para tr\u00e1s e rever os planos que foram tra\u00e7ados, o caminho que foi percorrido, as metas e os objetivos que foram alcan\u00e7ados. \u00c9 tempo tamb\u00e9m de olhar para a frente, refazer planos, vislumbrar novos [&hellip;]<\/p>\n","protected":false},"author":1,"featured_media":0,"parent":0,"menu_order":0,"comment_status":"closed","ping_status":"closed","template":"","meta":{"footnotes":""},"class_list":["post-25","page","type-page","status-publish","hentry"],"_links":{"self":[{"href":"https:\/\/mundoquinagem.pt\/index.php?rest_route=\/wp\/v2\/pages\/25","targetHints":{"allow":["GET"]}}],"collection":[{"href":"https:\/\/mundoquinagem.pt\/index.php?rest_route=\/wp\/v2\/pages"}],"about":[{"href":"https:\/\/mundoquinagem.pt\/index.php?rest_route=\/wp\/v2\/types\/page"}],"author":[{"embeddable":true,"href":"https:\/\/mundoquinagem.pt\/index.php?rest_route=\/wp\/v2\/users\/1"}],"replies":[{"embeddable":true,"href":"https:\/\/mundoquinagem.pt\/index.php?rest_route=%2Fwp%2Fv2%2Fcomments&post=25"}],"version-history":[{"count":1,"href":"https:\/\/mundoquinagem.pt\/index.php?rest_route=\/wp\/v2\/pages\/25\/revisions"}],"predecessor-version":[{"id":2685,"href":"https:\/\/mundoquinagem.pt\/index.php?rest_route=\/wp\/v2\/pages\/25\/revisions\/2685"}],"wp:attachment":[{"href":"https:\/\/mundoquinagem.pt\/index.php?rest_route=%2Fwp%2Fv2%2Fmedia&parent=25"}],"curies":[{"name":"wp","href":"https:\/\/api.w.org\/{rel}","templated":true}]}}